{"id":9,"date":"2014-10-15T14:42:14","date_gmt":"2014-10-15T12:42:14","guid":{"rendered":"http:\/\/192.168.23.25\/?page_id=9"},"modified":"2019-12-13T11:46:25","modified_gmt":"2019-12-13T10:46:25","slug":"spring-firm","status":"publish","type":"page","link":"https:\/\/www.springfirm.it\/","title":{"rendered":"Spring Firm\u00ae S.r.l."},"content":{"rendered":"\r\n<p>La Spring Firm\u00ae S.r.l. \u00e8 una societ\u00e0 di consulenza, esperta in strumenti e tecnologie informatiche.<br \/>La sua clientela \u00e8 costituita da aziende manifatturiere e di servizi, universit\u00e0 e centri di ricerca , organismi \u201cno profit\u201d nazionali ed internazionali, banche ed assicurazioni.<\/p>\r\n\r\n\r\n\r\n<p>&nbsp;<\/p>\r\n<h2 class=\"wp-block-heading\">POR FESR 2014 2020 FVG<\/h2>\r\n<h3><a href=\"https:\/\/www.springfirm.it\/wp-content\/uploads\/2019\/01\/Por-fesr.png\">\u00a0<\/a><a href=\"https:\/\/www.springfirm.it\/wp-content\/uploads\/2019\/01\/Por-fesr.png\"><img loading=\"lazy\" class=\"alignnone wp-image-300 size-full\" src=\"https:\/\/www.springfirm.it\/wp-content\/uploads\/2019\/01\/Por-fesr.png\" alt=\"\" width=\"926\" height=\"152\" srcset=\"https:\/\/www.springfirm.it\/wp-content\/uploads\/2019\/01\/Por-fesr.png 926w, https:\/\/www.springfirm.it\/wp-content\/uploads\/2019\/01\/Por-fesr-300x49.png 300w, https:\/\/www.springfirm.it\/wp-content\/uploads\/2019\/01\/Por-fesr-768x126.png 768w\" sizes=\"(max-width: 926px) 100vw, 926px\" \/><\/a><\/h3>\r\n<p>Il progetto che\u00a0Spring Firm\u00ae S.r.l. intende realizzare ha lo scopo di incentivare l\u2019utilizzo di servizi in cloud da parte di aziende\/Enti del Friuli Venezia Giulia. Spring Firm\u00ae S.r.l. si propone come un cloud provider e allo stesso tempo, come trusted advisor per il cliente nell&#8217;utilizzo dei servizi cloud. Per maggiori informazioni sul progetto, fare click\u00a0\u00a0<a href=\"https:\/\/www.springfirm.it\/?page_id=217\">qui<\/a>.<\/p>\r\n<p>\r\n\r\n<\/p>\r\n<div class=\"wp-block-image\">\r\n<figure class=\"aligncenter\">\r\n<figure><a href=\"https:\/\/www.springfirm.it\/wp-content\/uploads\/2018\/10\/Opportunita.png\"><img loading=\"lazy\" width=\"300\" height=\"22\" class=\"wp-image-218 aligncenter\" src=\"https:\/\/www.springfirm.it\/wp-content\/uploads\/2018\/10\/Opportunita-300x22.png\" alt=\"\" srcset=\"https:\/\/www.springfirm.it\/wp-content\/uploads\/2018\/10\/Opportunita-300x22.png 300w, https:\/\/www.springfirm.it\/wp-content\/uploads\/2018\/10\/Opportunita.png 735w\" sizes=\"(max-width: 300px) 100vw, 300px\" \/><\/a><\/figure>\r\n<\/figure>\r\n<\/div>\r\n<p>\r\n\r\n<\/p>\r\n<p>&nbsp;<\/p>\r\n<p>\r\n\r\n<\/p>\r\n<p style=\"text-align: center;\">:: via G. Parini, 17\u00a0:: I- 34129 Trieste\u00a0:: tel: +39 . 040 . 368985\u00a0::<br \/>:: e-mail: <a href=\"mailto:info@springfirm.it\">info@springfirm.it<\/a> :: PEC: <a href=\"mailto:springfirm@registerpec.it\">springfirm@registerpec.it<\/a>\u00a0::<br \/>::P.IVA\u00a000879420321 :: C.F.\u00a000879420321\u00a0::<br \/>:: Iscrizione al Registro delle Imprese di Trieste 00879420321 del 19.02.1996 ::<br \/>:: R.E.A 107465 del 24.02.1995 ::<br \/>:: [ <a title=\"Privacy\" href=\"https:\/\/www.springfirm.it\/?page_id=28\">Privacy on line <\/a>] ::<\/p>\r\n<p><\/p>","protected":false},"excerpt":{"rendered":"<p>La Spring Firm\u00ae S.r.l. \u00e8 una societ\u00e0 di consulenza, esperta in strumenti e tecnologie informatiche.La sua clientela \u00e8 costituita da aziende manifatturiere e di servizi, universit\u00e0 e centri di ricerca , organismi \u201cno profit\u201d nazionali ed internazionali, banche ed assicurazioni. &nbsp; POR FESR 2014 2020 FVG \u00a0 Il progetto che\u00a0Spring Firm\u00ae S.r.l. intende realizzare ha &#8230; <a title=\"Spring Firm\u00ae S.r.l.\" class=\"read-more\" href=\"https:\/\/www.springfirm.it\/\" aria-label=\"More on Spring Firm\u00ae S.r.l.\">Read more&#8230;<\/a><\/p>\n","protected":false},"author":1,"featured_media":0,"parent":0,"menu_order":1,"comment_status":"closed","ping_status":"closed","template":"","meta":{"generate_page_header":""},"_links":{"self":[{"href":"https:\/\/www.springfirm.it\/index.php?rest_route=\/wp\/v2\/pages\/9"}],"collection":[{"href":"https:\/\/www.springfirm.it\/index.php?rest_route=\/wp\/v2\/pages"}],"about":[{"href":"https:\/\/www.springfirm.it\/index.php?rest_route=\/wp\/v2\/types\/page"}],"author":[{"embeddable":true,"href":"https:\/\/www.springfirm.it\/index.php?rest_route=\/wp\/v2\/users\/1"}],"replies":[{"embeddable":true,"href":"https:\/\/www.springfirm.it\/index.php?rest_route=%2Fwp%2Fv2%2Fcomments&post=9"}],"version-history":[{"count":32,"href":"https:\/\/www.springfirm.it\/index.php?rest_route=\/wp\/v2\/pages\/9\/revisions"}],"predecessor-version":[{"id":325,"href":"https:\/\/www.springfirm.it\/index.php?rest_route=\/wp\/v2\/pages\/9\/revisions\/325"}],"wp:attachment":[{"href":"https:\/\/www.springfirm.it\/index.php?rest_route=%2Fwp%2Fv2%2Fmedia&parent=9"}],"curies":[{"name":"wp","href":"https:\/\/api.w.org\/{rel}","templated":true}]}}