{"id":54,"date":"2014-10-20T10:05:20","date_gmt":"2014-10-20T08:05:20","guid":{"rendered":"http:\/\/192.168.23.25\/?page_id=54"},"modified":"2014-10-20T15:40:00","modified_gmt":"2014-10-20T13:40:00","slug":"thin-client","status":"publish","type":"page","link":"https:\/\/www.springfirm.it\/?page_id=54","title":{"rendered":"Thin client"},"content":{"rendered":"<p><strong>[Contesto]<\/strong><\/p>\n<p>Il costo di acquisto e soprattutto quello di gestione di parchi macchine costituiti essenzialmente da Personal Computer, sta convincendo sempre pi\u00f9 operatori a valutare soluzioni alternative basate su un paradigma alternativo che prevede una gestione centralizzata anzich\u00e9 distribuita e la preferenza di client leggeri.<br \/>\nI principali vantaggi sono i seguenti:<\/p>\n<ul>\n<li><em>Elevata flessibilit\u00e0<\/em><br \/>\nle applicazioni vengono installate solo lato server (sui client non \u00e8 presente nessun software!) e quindi le stesse postazioni possono essere utilizzate in momenti diversi da utenti diversi senza necessit\u00e0 di reinstallare alcunch\u00e9 sui client (la tecnologia \u00e8 ideale, ad esempio, per aule informatiche, help desk, ambienti di produzione industriale, ecc.).<\/li>\n<li><em>Accesso ad ambienti eterogenei<\/em><br \/>\naccesso nativo all&#8217;ambiente Unix o Linux; accesso al mondo Windows<sup>\u00ae<\/sup> utilizzando software freeware (RDesktop) o commerciale (Citrix); accesso al mondo mainframe \u00a0e\u00a0iSeries utilizzando\u00a0emulatori terminale o iSeries\u00a0Access.<\/li>\n<li><em>Amministrazione centralizzata!<\/em><br \/>\nla profilazione e l\u2019amministrazione degli utenti \u00e8 gestita in maniera centralizzata ed \u00e8 possibile l\u2019integrazione con sistemi di autenticazione eterogenei (LDAP, Active Directory, ecc.).<\/li>\n<li><em>Sicurezza<\/em><br \/>\nminori problemi generati da virus; impossibilit\u00e0 da parte degli utenti di installare software sui client; possibilit\u00e0 di accesso alla postazione di lavoro tramite smart card.<\/li>\n<li><em>Salvaguardia degli investimenti<\/em><br \/>\nnuove versioni del software applicativo utilizzato non richiedono l&#8217;aggiornamento della configurazione delle singole postazioni di lavoro.<\/li>\n<li><em>Minimo impatto ambientale<\/em><br \/>\ni thin client\u00a0non hanno a bordo ventole o dischi e quindi non producono alcun rumore, inoltre hanno dimensioni e peso minimi.<\/li>\n<li><em>Mobilit\u00e0<\/em><br \/>\ngli utenti si possono spostare da una postazione ad un&#8217;altra semplicemente sfilando la propria smart card da una stazione ed inserendola in un&#8217;altra senza dover uscire dalla propria sessione di lavoro.<\/li>\n<\/ul>\n<p><strong>[La proposta della Spring Firm<sup>\u00ae<\/sup>S.r.l.]<\/strong><\/p>\n<p>La Spring Firm<sup>\u00ae<\/sup> S.r.l. propone soluzioni \u201cchiavi in mano\u201d, modulate sulle esigenze e sui piani di investimento del Cliente, che includono:<\/p>\n<ul>\n<li>l\u2019analisi dell\u2019utenza, degli ambienti e delle applicazioni potenzialmente distribuibili via \u201cthin client\u201d;<\/li>\n<li>lo studio di soluzioni hardware e software funzionali al contesto ed alle esigenze aziendali;<\/li>\n<li>la completa installazione, configurazione e messa a punto dei sistemi;<\/li>\n<li>l\u2019integrazione con gli ambienti operativi esistenti (Windows<sup>\u00ae<\/sup> ed Active Directory, Unix\/Linux ed LDAP, ecc.)<\/li>\n<li>la formazione del personale sull\u2019uso e sulla gestione dell\u2019infrastruttura informatica realizzata;<\/li>\n<li>il monitoraggio e la gestione dei sistemi eventualmente anche da remoto.<\/li>\n<\/ul>\n<p><strong>[Clientela di riferimento]<\/strong><\/p>\n<p>Universit\u00e0 e centri di ricerca, aziende manifatturiere e di servizi che utilizzano anche e\/o principalmente sistemi IBM iSeries, banche ed assicurazioni, pubblica amministrazione, enti pubblici e privati, associazioni di categoria; biblioteche; scuole; enti di formazione.<\/p>\n","protected":false},"excerpt":{"rendered":"<p>[Contesto] Il costo di acquisto e soprattutto quello di gestione di parchi macchine costituiti essenzialmente da Personal Computer, sta convincendo sempre pi\u00f9 operatori a valutare soluzioni alternative basate su un paradigma alternativo che prevede una gestione centralizzata anzich\u00e9 distribuita e la preferenza di client leggeri. I principali vantaggi sono i seguenti: Elevata flessibilit\u00e0 le applicazioni &#8230; <a title=\"Thin client\" class=\"read-more\" href=\"https:\/\/www.springfirm.it\/?page_id=54\" aria-label=\"More on Thin client\">Read more&#8230;<\/a><\/p>\n","protected":false},"author":1,"featured_media":0,"parent":21,"menu_order":0,"comment_status":"closed","ping_status":"open","template":"","meta":{"generate_page_header":""},"_links":{"self":[{"href":"https:\/\/www.springfirm.it\/index.php?rest_route=\/wp\/v2\/pages\/54"}],"collection":[{"href":"https:\/\/www.springfirm.it\/index.php?rest_route=\/wp\/v2\/pages"}],"about":[{"href":"https:\/\/www.springfirm.it\/index.php?rest_route=\/wp\/v2\/types\/page"}],"author":[{"embeddable":true,"href":"https:\/\/www.springfirm.it\/index.php?rest_route=\/wp\/v2\/users\/1"}],"replies":[{"embeddable":true,"href":"https:\/\/www.springfirm.it\/index.php?rest_route=%2Fwp%2Fv2%2Fcomments&post=54"}],"version-history":[{"count":2,"href":"https:\/\/www.springfirm.it\/index.php?rest_route=\/wp\/v2\/pages\/54\/revisions"}],"predecessor-version":[{"id":93,"href":"https:\/\/www.springfirm.it\/index.php?rest_route=\/wp\/v2\/pages\/54\/revisions\/93"}],"up":[{"embeddable":true,"href":"https:\/\/www.springfirm.it\/index.php?rest_route=\/wp\/v2\/pages\/21"}],"wp:attachment":[{"href":"https:\/\/www.springfirm.it\/index.php?rest_route=%2Fwp%2Fv2%2Fmedia&parent=54"}],"curies":[{"name":"wp","href":"https:\/\/api.w.org\/{rel}","templated":true}]}}