{"id":52,"date":"2014-10-20T09:57:57","date_gmt":"2014-10-20T07:57:57","guid":{"rendered":"http:\/\/192.168.23.25\/?page_id=52"},"modified":"2014-10-20T09:57:57","modified_gmt":"2014-10-20T07:57:57","slug":"disaster-recovery","status":"publish","type":"page","link":"https:\/\/www.springfirm.it\/?page_id=52","title":{"rendered":"Disaster &#8211; recovery"},"content":{"rendered":"<p><strong>[Contesto]<\/strong><\/p>\n<p>La salvaguardia dei propri dati \u00e8 sempre pi\u00f9 percepita, da parte dal management di aziende o enti, come un\u2019attivit\u00e0 cruciale alla quale \u00e8 necessario dedicare attenzione e risorse e, di norma, il livello di sensibilit\u00e0 verso queste problematiche \u00e8 commisurato al valore strategico che tali dati hanno nel contesto aziendale. Spesso, per\u00f2, oltre alle capacit\u00e0 di recupero, sono fondamentali i tempi in cui i dati o anche alcuni dei servizi informatici possono essere ripristinati a seguito di un evento catastrofico o accidentale.<br \/>\nIn questi casi, oltre che di adeguati sistemi di backup, diventa necessario disporre di procedure e soluzioni che consentano di ripristinare la completa efficienza dei sistemi in tempi certi.<\/p>\n<p><strong>[La proposta della Spring Firm<sup>\u00ae<\/sup>S.r.l.]<\/strong><\/p>\n<p>La complessit\u00e0 della soluzione e la personalizzazione dell\u2019ambiente richiedono comunque un vero e proprio progetto sviluppato e realizzato presso il Cliente da sistemisti qualificati.<br \/>\nLa Spring Firm<sup>\u00ae<\/sup> S.r.l. ha accumulato notevole esperienza nella realizzazione di questo tipo di progetti e propone soluzioni \u201cchiavi in mano\u201d che includono:<\/p>\n<ul>\n<li>la definizione della politica da implementare;<\/li>\n<li>l\u2019installazione e la configurazione del software sul server di gestione del servizio;<\/li>\n<li>l\u2019installazione e la configurazione del software sulle singole macchine da includere nel sistema di \u201cdisaster recovery\u201d;<\/li>\n<li>l\u2019eventuale installazione e configurazione su un ulteriore server volto a salvaguardare a sua volta il server di gestione del servizio;<\/li>\n<li>la verifica del funzionamento della soluzione attraverso operazioni di \u201crecovery\u201d;<\/li>\n<li>un \u201ctraining on the job\u201d per i sistemisti del Cliente che, in questo modo, vengono messi in grado di aggiornare nel tempo la configurazione del sistema introducendo eventualmente nuovi server nell\u2019ambito della soluzione.<\/li>\n<\/ul>\n<p><strong>[Clientela di riferimento]<\/strong><\/p>\n<p>Universit\u00e0 e centri di ricerca, aziende manifatturiere e di servizi, banche ed assicurazioni, pubblica amministrazione, enti pubblici e privati, potenzialmente tutti gli utilizzatori \u00a0che intendono cautelarsi rispetto ad eventi catastrofici o accidentali.<\/p>\n","protected":false},"excerpt":{"rendered":"<p>[Contesto] La salvaguardia dei propri dati \u00e8 sempre pi\u00f9 percepita, da parte dal management di aziende o enti, come un\u2019attivit\u00e0 cruciale alla quale \u00e8 necessario dedicare attenzione e risorse e, di norma, il livello di sensibilit\u00e0 verso queste problematiche \u00e8 commisurato al valore strategico che tali dati hanno nel contesto aziendale. Spesso, per\u00f2, oltre alle &#8230; <a title=\"Disaster &#8211; recovery\" class=\"read-more\" href=\"https:\/\/www.springfirm.it\/?page_id=52\" aria-label=\"More on Disaster &#8211; recovery\">Read more&#8230;<\/a><\/p>\n","protected":false},"author":1,"featured_media":0,"parent":21,"menu_order":0,"comment_status":"closed","ping_status":"open","template":"","meta":{"generate_page_header":""},"_links":{"self":[{"href":"https:\/\/www.springfirm.it\/index.php?rest_route=\/wp\/v2\/pages\/52"}],"collection":[{"href":"https:\/\/www.springfirm.it\/index.php?rest_route=\/wp\/v2\/pages"}],"about":[{"href":"https:\/\/www.springfirm.it\/index.php?rest_route=\/wp\/v2\/types\/page"}],"author":[{"embeddable":true,"href":"https:\/\/www.springfirm.it\/index.php?rest_route=\/wp\/v2\/users\/1"}],"replies":[{"embeddable":true,"href":"https:\/\/www.springfirm.it\/index.php?rest_route=%2Fwp%2Fv2%2Fcomments&post=52"}],"version-history":[{"count":1,"href":"https:\/\/www.springfirm.it\/index.php?rest_route=\/wp\/v2\/pages\/52\/revisions"}],"predecessor-version":[{"id":53,"href":"https:\/\/www.springfirm.it\/index.php?rest_route=\/wp\/v2\/pages\/52\/revisions\/53"}],"up":[{"embeddable":true,"href":"https:\/\/www.springfirm.it\/index.php?rest_route=\/wp\/v2\/pages\/21"}],"wp:attachment":[{"href":"https:\/\/www.springfirm.it\/index.php?rest_route=%2Fwp%2Fv2%2Fmedia&parent=52"}],"curies":[{"name":"wp","href":"https:\/\/api.w.org\/{rel}","templated":true}]}}