{"id":50,"date":"2014-10-20T09:53:05","date_gmt":"2014-10-20T07:53:05","guid":{"rendered":"http:\/\/192.168.23.25\/?page_id=50"},"modified":"2014-10-27T13:22:27","modified_gmt":"2014-10-27T12:22:27","slug":"hpc-cluster-linux-e-grid-computing","status":"publish","type":"page","link":"https:\/\/www.springfirm.it\/?page_id=50","title":{"rendered":"HPC, cluster Linux e Grid Computing"},"content":{"rendered":"<p><strong>[Contesto]<\/strong><\/p>\n<p>A differenza da quanto comunemente percepito, nel mondo attuale il calcolo scientifico sta assumendo un ruolo sempre pi\u00f9 strategico in virt\u00f9 del suo impiego in tutte le scienze applicate attraverso metodi e algoritmi che consentono la simulazione al computer di fenomeni naturali e processi tecnologici.<br \/>\nLa complessit\u00e0 di problemi di grande rilevanza scientifica, sociale ed economica, la cui rappresentazione richiede la disponibilit\u00e0 di consistenti risorse di calcolo, ha portato allo sviluppo ed alla diffusione di sistemi di elaborazione parallela, costituiti da gruppi o\u00a0<em>cluster<\/em> di calcolatori, che sfruttano le capacit\u00e0 di calcolo e di memoria dei singoli componenti per ottenere prestazioni che, in un recente passato, potevano essere erogate solo da costosissimi supercomputer.<br \/>\nNell\u2019arco degli ultimi anni, inoltre, sono state sviluppate tecnologie che consentono di integrare differenti sistemi di calcolo in modo da distribuire efficacemente parti di elaborazioni complesse sui sistemi pi\u00f9 adatti o su quelli disponibili in un determinato momento. Tali tecnologie, denominate di <em>grid computing<\/em>, consentono la condivisione, la selezione e l&#8217;aggregazione dinamica in tempo reale di risorse di calcolo autonome e geograficamente distribuite, a seconda della loro disponibilit\u00e0, capacit\u00e0, prestazioni e costi, ed in funzione della qualit\u00e0 del servizio richiesto.<br \/>\nQuesto nuovo paradigma di calcolo sta riscuotendo notevole interesse e consensi, e dalla sperimentazione si sta passando ad un uso sempre pi\u00f9 avanzato e massiccio praticamente in tutte le strutture all&#8217;avanguardia nell\u2019<em>High Performance Computing (HPC)<\/em>: dai gradi centri di calcolo agli istituti scientifici pi\u00f9 prestigiosi alle aziende che sempre pi\u00f9 sostituiscono con la modellazione e la simulazione al computer le tradizionali e ben pi\u00f9 costose e limitative verifiche distruttive.<br \/>\n\u00c8 quindi interessante notare come, sebbene concepiti ed utilizzati principalmente nel campo del calcolo scientifico, i <em>cluster<\/em> ed i sistemi di\u00a0<em>grid<\/em> stiano invece trovando nuove applicazioni in settori eterogenei quali, solo per citare i pi\u00f9 importanti, quello finanziario, quello della progettazione (automobilistica, aeronautica, ecc.), della simulazione, delle previsioni meteorologiche e della genetica. Di conseguenza il loro interesse valica i confini della ricerca pura e fa comprendere come la crescita diffusa di conoscenze in questo ambito possa generare in prospettiva sul territorio importanti ricadute economiche ed occupazionali ed inoltre costituire l\u2019innesco per nuove attivit\u00e0 imprenditoriali ad alto contenuto innovativo.<br \/>\nDa un punto di vista pi\u00f9 squisitamente pratico, l\u2019interesse verso i cluster, e soprattutto verso quelli basati su Linux, sta crescendo rapidamente principalmente per i seguenti motivi:<\/p>\n<ul>\n<li>basso costo di impianto;<\/li>\n<li>eccellenti doti di flessibilit\u00e0 e scalabilit\u00e0;<\/li>\n<li>notevole potenza di calcolo garantita dall&#8217;aggregazione di server di basso costo;<\/li>\n<li>impiego diffuso di software open-source;<\/li>\n<li>possibilit\u00e0 di essere aggregati e condivisi in <em>grid<\/em> anche geografici.<\/li>\n<\/ul>\n<p>Pur essendo, almeno in apparenza, strutturalmente semplici, questi sistemi richiedono, per\u00f2, competenze specifiche sia in termini di disegno architetturale, per riuscire a definire soluzioni tecnologiche il pi\u00f9 possibile aderenti alle specificit\u00e0 delle singole applicazioni, sia, e forse in maniera ancor maggiore, in relazione alla loro gestione, amministrazione, ottimizzazione d&#8217;uso, condivisione fra diversi gruppi di lavoro, ecc.. Di conseguenza le conoscenze tecnico\/sistemistiche e soprattutto l\u2019esperienza specifica nel settore rappresentano un fattore determinante nell\u2019economia complessiva di un progetto di <em>grid<\/em>.<\/p>\n<p><strong>[La proposta della Spring Firm<sup>\u00ae<\/sup>S.r.l.]<\/strong><\/p>\n<p>In questo contesto la Spring Firm<sup>\u00ae<\/sup> S.r.l., che ha gi\u00e0 sviluppato notevoli competenze attraverso la realizzazione di diverse importanti progetti, \u00e8 in grado di proporre soluzioni \u201cchiavi in mano\u201d calibrate sulle esigenze del Cliente che includono:<\/p>\n<ul>\n<li>lo studio delle applicazioni e, di conseguenza, delle configurazioni hardware e dei sistemi di interconnessione pi\u00f9 adatti;<\/li>\n<li>la valutazione dei sistemi di \u201cprovisioning\u201d pi\u00f9 funzionali alla\/e applicazione\/i in esame;<\/li>\n<li>l\u2019analisi e la selezione di software e componenti accessorie (compilatori, ambienti di debugging, ecc.);<\/li>\n<li>la completa installazione, configurazione e messa a punto dei sistemi;<\/li>\n<li>la formazione del personale sull\u2019uso e sulla gestione dell\u2019infrastruttura di calcolo realizzata;<\/li>\n<li>l\u2019eventuale monitoraggio e gestione dei sistemi eventualmente anche da remoto.<\/li>\n<\/ul>\n<p><strong>[Clientela di riferimento]<\/strong><\/p>\n<p>Dipartimenti universitari, centri di ricerca, studi di progettazione, aziende manifatturiere che utilizzano sistemi di progettazione e\/o di simulazione, aziende di servizi che basano la loro offerta sulla modellazione e simulazione.<\/p>\n","protected":false},"excerpt":{"rendered":"<p>[Contesto] A differenza da quanto comunemente percepito, nel mondo attuale il calcolo scientifico sta assumendo un ruolo sempre pi\u00f9 strategico in virt\u00f9 del suo impiego in tutte le scienze applicate attraverso metodi e algoritmi che consentono la simulazione al computer di fenomeni naturali e processi tecnologici. La complessit\u00e0 di problemi di grande rilevanza scientifica, sociale &#8230; <a title=\"HPC, cluster Linux e Grid Computing\" class=\"read-more\" href=\"https:\/\/www.springfirm.it\/?page_id=50\" aria-label=\"More on HPC, cluster Linux e Grid Computing\">Read more&#8230;<\/a><\/p>\n","protected":false},"author":1,"featured_media":0,"parent":21,"menu_order":0,"comment_status":"closed","ping_status":"open","template":"","meta":{"generate_page_header":""},"_links":{"self":[{"href":"https:\/\/www.springfirm.it\/index.php?rest_route=\/wp\/v2\/pages\/50"}],"collection":[{"href":"https:\/\/www.springfirm.it\/index.php?rest_route=\/wp\/v2\/pages"}],"about":[{"href":"https:\/\/www.springfirm.it\/index.php?rest_route=\/wp\/v2\/types\/page"}],"author":[{"embeddable":true,"href":"https:\/\/www.springfirm.it\/index.php?rest_route=\/wp\/v2\/users\/1"}],"replies":[{"embeddable":true,"href":"https:\/\/www.springfirm.it\/index.php?rest_route=%2Fwp%2Fv2%2Fcomments&post=50"}],"version-history":[{"count":3,"href":"https:\/\/www.springfirm.it\/index.php?rest_route=\/wp\/v2\/pages\/50\/revisions"}],"predecessor-version":[{"id":148,"href":"https:\/\/www.springfirm.it\/index.php?rest_route=\/wp\/v2\/pages\/50\/revisions\/148"}],"up":[{"embeddable":true,"href":"https:\/\/www.springfirm.it\/index.php?rest_route=\/wp\/v2\/pages\/21"}],"wp:attachment":[{"href":"https:\/\/www.springfirm.it\/index.php?rest_route=%2Fwp%2Fv2%2Fmedia&parent=50"}],"curies":[{"name":"wp","href":"https:\/\/api.w.org\/{rel}","templated":true}]}}