{"id":42,"date":"2014-10-20T09:38:23","date_gmt":"2014-10-20T07:38:23","guid":{"rendered":"http:\/\/192.168.23.25\/?page_id=42"},"modified":"2014-10-20T10:32:18","modified_gmt":"2014-10-20T08:32:18","slug":"formazione-professionalmente-qualificante","status":"publish","type":"page","link":"https:\/\/www.springfirm.it\/?page_id=42","title":{"rendered":"Formazione"},"content":{"rendered":"<p><strong>[Contesto]<\/strong><\/p>\n<p>L&#8217;incalzante sviluppo dell&#8217;elettronica, dell&#8217;informatica e delle telecomunicazioni impone agli operatori del settore, una costante dedizione all&#8217;aggiornamento delle proprie conoscenze per cercare di rimanere il pi\u00f9 possibile al passo con l&#8217;evoluzione tecnologica.<br \/>\nIn questo contesto Internet indubbiamente rappresenta sempre pi\u00f9 uno strumento insostituibile per accedere in maniera semplice ed economica ad un&#8217;enorme mole di informazioni \u201cfresche\u201d e dettagliate. La specificit\u00e0 di alcune tematiche ed il relativo livello di conoscenze necessario per avere la capacit\u00e0 di gestire in maniera adeguata tecnologie anche di ampia diffusione, richiede per\u00f2, in molti casi, approfondimenti ottenibili solo partecipando a corsi di formazione specialistici.<br \/>\nIn questo scenario hanno acquisito sempre maggiore diffusione e consenso percorsi formativi standardizzati che, attraverso la frequenza di corsi progettati ed erogati dalle stesse aziende produttrici delle tecnologie, ed il sostenimento di specifici test finali, consentono il conseguimento di certificazioni.<br \/>\nTali certificazioni hanno molteplici valenze:<\/p>\n<ul>\n<li>attestano in maniera ufficiale e riconosciuta la conoscenza di specifiche tecnologie a determinati livelli di competenza;<\/li>\n<li>sono personali e quindi rappresentano attestati che arricchiscono in maniera tangibile il curriculum di una persona;<\/li>\n<li>hanno un valore anche per le aziende in quanto, per essere partner certificati ad un qualche livello di una azienda produttrice, \u00e8 necessario disporre di personale tecnico e commerciale adeguato sia in termini numerici che di relativo livello di competenza certificata.<\/li>\n<\/ul>\n<p>A fronte di un evidente e generale interesse, questi percorsi di formazione non sono seguiti che da una percentuale minima dei potenziali fruitori a causa dei loro costi diretti e di quelli indiretti, rappresentati dalle spese di viaggio e trasferta, che incidono in maniera importante in quanto un percorso formativo di certificazione \u00e8 costituito tipicamente da alcuni moduli della durata, di norma, di cinque giornate a tempo pieno tenuti, nella maggior parte dei casi, a Roma, Milano o Torino.<br \/>\n\u00c8 infine interessante notare come questi costi, che sono praticamente insostenibili per i singoli, vengono ritenuti eccessivi anche dalla maggior parte delle aziende e come, di conseguenza, questa barriera economica imponga a molti soggetti in pratica la rinuncia ad opportunit\u00e0 che potenzialmente potrebbero rappresentare un impulso alla competitivit\u00e0 delle aziende, alla crescita professionale dei singoli ed alla disponibilit\u00e0 in regione di un numero cospicuo di esperti di tecnologie attuali e ad ampio spettro di applicazione.<\/p>\n<p><strong>[La proposta della Spring Firm<sup>\u00ae<\/sup>S.r.l.]<\/strong><\/p>\n<p>Per cercare di ovviare ai problemi sopra indicati la Spring Firm<sup>\u00ae<\/sup> S.r.l. si adopera per organizzare in regione, in collaborazione con IAL Friuli Venezia Giulia, corsi di formazione professionalmente qualificanti uguali, in termini di durata, contenuti, materiali e qualit\u00e0 dei formatori, a quelli ufficiali offerti dalla aziende produttrici di tecnologie.<\/p>\n<p><strong>[Clientela di riferimento]<\/strong><\/p>\n<p>Universit\u00e0 e centri di ricerca, aziende manifatturiere e di servizi, banche ed assicurazioni, scuole medio\/superiori, pubblica amministrazione, enti pubblici e privati, associazioni di categoria, professionisti, studenti, persone occupate o in cerca di (prima) occupazione.<\/p>\n","protected":false},"excerpt":{"rendered":"<p>[Contesto] L&#8217;incalzante sviluppo dell&#8217;elettronica, dell&#8217;informatica e delle telecomunicazioni impone agli operatori del settore, una costante dedizione all&#8217;aggiornamento delle proprie conoscenze per cercare di rimanere il pi\u00f9 possibile al passo con l&#8217;evoluzione tecnologica. In questo contesto Internet indubbiamente rappresenta sempre pi\u00f9 uno strumento insostituibile per accedere in maniera semplice ed economica ad un&#8217;enorme mole di informazioni &#8230; <a title=\"Formazione\" class=\"read-more\" href=\"https:\/\/www.springfirm.it\/?page_id=42\" aria-label=\"More on Formazione\">Read more&#8230;<\/a><\/p>\n","protected":false},"author":1,"featured_media":0,"parent":0,"menu_order":4,"comment_status":"closed","ping_status":"closed","template":"","meta":{"generate_page_header":""},"_links":{"self":[{"href":"https:\/\/www.springfirm.it\/index.php?rest_route=\/wp\/v2\/pages\/42"}],"collection":[{"href":"https:\/\/www.springfirm.it\/index.php?rest_route=\/wp\/v2\/pages"}],"about":[{"href":"https:\/\/www.springfirm.it\/index.php?rest_route=\/wp\/v2\/types\/page"}],"author":[{"embeddable":true,"href":"https:\/\/www.springfirm.it\/index.php?rest_route=\/wp\/v2\/users\/1"}],"replies":[{"embeddable":true,"href":"https:\/\/www.springfirm.it\/index.php?rest_route=%2Fwp%2Fv2%2Fcomments&post=42"}],"version-history":[{"count":2,"href":"https:\/\/www.springfirm.it\/index.php?rest_route=\/wp\/v2\/pages\/42\/revisions"}],"predecessor-version":[{"id":45,"href":"https:\/\/www.springfirm.it\/index.php?rest_route=\/wp\/v2\/pages\/42\/revisions\/45"}],"wp:attachment":[{"href":"https:\/\/www.springfirm.it\/index.php?rest_route=%2Fwp%2Fv2%2Fmedia&parent=42"}],"curies":[{"name":"wp","href":"https:\/\/api.w.org\/{rel}","templated":true}]}}