{"id":28,"date":"2014-10-15T18:36:04","date_gmt":"2014-10-15T16:36:04","guid":{"rendered":"http:\/\/192.168.23.25\/?page_id=28"},"modified":"2015-01-18T18:33:13","modified_gmt":"2015-01-18T17:33:13","slug":"privacy","status":"publish","type":"page","link":"https:\/\/www.springfirm.it\/?page_id=28","title":{"rendered":"Privacy"},"content":{"rendered":"<p><span style=\"font-size: small;\">La Spring Firm<sup>\u00ae<\/sup> S.r.l. si impegna a rispettare la &#8220;privacy online&#8221; degli utenti e riconosce la necessit\u00e0 di tutelare e gestire in modo adeguato tutte le informazioni di identificazione personale (&#8220;Dati personali&#8221;) condivise tra Spring Firm<sup>\u00ae<\/sup> S.r.l. e gli utenti.<br \/>\nLa presente politica di tutela della &#8220;privacy online&#8221; dimostra la cura e l&#8217;attenzione con cui Spring Firm<sup>\u00ae<\/sup> S.r.l. intende trattare i dati personali degli utenti.<br \/>\nPer dati personali s&#8217;intendono tutte quelle informazioni che possono essere utilizzate per identificare un individuo, compresi, ma non limitati a, nome, cognome, indirizzo di domicilio o altro indirizzo fisico, indirizzo e-mail o altri recapiti relativi all&#8217;abitazione o all&#8217;ufficio. In generale, \u00e8 possibile visitare le pagine Web di Spring Firm<sup>\u00ae<\/sup> S.r.l. senza dover comunicare il proprio nome o altre informazioni personali.<br \/>\nSe si accetta di comunicare i propri dati personali sul Web, Spring Firm<sup>\u00ae<\/sup> S.r.l. potr\u00e0 trasmettere tali dati al suo interno o a terzi che forniscono servizi per conto di Spring Firm<sup>\u00ae<\/sup> S.r.l. nonch\u00e9 ad altri paesi o giurisdizioni in tutto il mondo.<br \/>\nSpring Firm<sup>\u00ae<\/sup> S.r.l. s&#8217;impegna ad osservare tutte le leggi internazionali vigenti a tutela della &#8220;privacy&#8221; degli utenti. Sebbene le norme di legge possono variare da paese a paese, Spring Firm<sup>\u00ae<\/sup> S.r.l. aderisce ai principi stabiliti nella presente politica di tutela della &#8220;privacy&#8221; anche se, in accordo con quanto sopra specificato, potr\u00e0 trasmettere i dati personali dal paese di appartenenza ad altri paesi che potrebbero non garantire un &#8220;adeguato&#8221; livello di protezione di tali dati. In altre parole, il nostro scopo \u00e8 di proteggere i dati personali degli utenti indipendentemente dal luogo in cui tali dati vengono forniti, trasmessi o conservati.<\/span><\/p>\n<p>&nbsp;<\/p>\n<p><strong>[ Cookie e altre tecnologie di rilevamento <a name=\"cookie\"><\/a>]<\/strong><\/p>\n<p>Alcune delle nostre pagine Web utilizzano &#8220;cookie&#8221; e altre tecnologie di rilevamento. Un &#8220;cookie&#8221; \u00e8 un piccolo file di testo che pu\u00f2 essere utilizzato, ad esempio, per raccogliere informazioni sulle attivit\u00e0 di un sito Web. Alcuni cookie e altre tecnologie analoghe servono a richiamare i dati personali precedentemente immessi da un utente sul Web. La maggior parte dei browser consente all&#8217;utente di controllare i cookie, ad esempio, potete decidere se accettarli o meno, ed eventualmente rimuoverli.<br \/>\n\u00c8 possibile impostare la maggior parte dei browser per visualizzare una notifica ad ogni ricezione di un cookie, oppure per bloccare alcuni cookie. Tuttavia, scegliete di cancellare o bloccare i cookie, dovrete reimmettere l&#8217;ID utente originale e la password per poter accedere a determinate parti del sito Web.<br \/>\nLe tecnologie di rilevamento possono registrare informazioni quali il dominio Internet e i nomi degli host, gli indirizzi IP, il software del browser e il tipo di sistema operativo, le pagine del sito visitate, data e ora di accesso al sito. L&#8217;uso di cookie e altre tecnologie di rilevamento ci consente di migliorare il nostro sito Web e il suo utilizzo da parte dell&#8217;utente. Potremo inoltre analizzare informazioni che non contengono dati personali per estrapolare tendenze e informazioni statistiche.<br \/>\nPer tutelare la &#8220;privacy&#8221; degli utenti abbiamo adottato i seguenti principi:<\/p>\n<p><strong>[ Notifica<a name=\"notifica\"><\/a> ]<\/strong><\/p>\n<p>Se all&#8217;utente viene richiesto di comunicare i suoi dati personali sul Web, Spring Firm<sup>\u00ae<\/sup> S.r.l. pubblicher\u00e0 una nota informativa per illustrare i motivi di tale richiesta e comunicare l&#8217;eventuale intenzione dell&#8217;azienda di condividere tali dati con societ\u00e0 esterne o con terzi che operano per suo conto. Spring Firm<sup>\u00ae<\/sup> S.r.l. s&#8217;impegna a non trasmettere dati personali, senza il consenso degli interessati, a terzi che non siano vincolati ad agire per suo conto, a meno che tale trasferimento non sia richiesto a norma di legge.<\/p>\n<p><strong>[ Scelta<a name=\"scelta\"><\/a> ]<\/strong><\/p>\n<p>L&#8217;utente pu\u00f2 scegliere se comunicare o meno a Spring Firm<sup>\u00ae<\/sup> S.r.l. i propri dati personali. La notifica che intendiamo fornire nel momento in cui Spring Firm<sup>\u00ae<\/sup> S.r.l. raccoglie informazioni personali sul Web dovrebbe aiutare l&#8217;utente in questa scelta. Qualora l&#8217;utente scelga di non fornire le informazioni richieste, potr\u00e0 comunque visitare la maggior parte dei siti Web di Spring Firm<sup>\u00ae<\/sup> S.r.l. ma non gli sar\u00e0 consentito l&#8217;accesso a determinate opzioni, offerte e servizi che richiedono un rapporto di interazione tra l&#8217;azienda e l&#8217;utente.<\/p>\n<p><strong>[ Sicurezza<a name=\"sicurezza\"><\/a> ]<\/strong><\/p>\n<p>Dovunque siano conservati i dati personali dell&#8217;utente, all&#8217;interno di Spring Firm<sup>\u00ae<\/sup> S.r.l. o presso chi agisce per suo conto, Spring Firm<sup>\u00ae<\/sup> S.r.l. adotter\u00e0 le misure necessarie al fine di impedire accessi non autorizzati o qualsiasi altra forma di divulgazione delle informazioni condivise.<\/p>\n<p><strong>[ Accesso\/Precisione<a name=\"accesso\"><\/a> ]<\/strong><\/p>\n<p>Spring Firm<sup>\u00ae<\/sup> S.r.l. desidera garantire la precisione delle informazioni personali fornite dall&#8217;utente. Qualora riceva dati personali dal Web, Spring Firm<sup>\u00ae<\/sup> S.r.l. si propone di fornire agli utenti gli strumenti necessari per rivedere o aggiornare tali dati. Se per qualsiasi motivo questi strumenti non fossero disponibili o accessibili, \u00e8 possibile inviare eventuali aggiornamenti o correzioni ai dati personali a Spring Firm<sup>\u00ae<\/sup> S.r.l. Italia. Le modifiche desiderate saranno inserite nei dati personali in nostro possesso nel pi\u00f9 breve tempo possibile.<\/p>\n<p><strong>[ Servizi di terzi<a name=\"terzi\"><\/a> ]<\/strong><\/p>\n<p>Alcuni dei servizi disponibili su <a title=\"Spring Firm\u00ae s.r.l.\" href=\"https:\/\/www.springfirm.it\/\" target=\"_blank\">www.springfirm.it<\/a> sono forniti da terzi per conto di Spring Firm<sup>\u00ae<\/sup> S.r.l.. Spring Firm<sup>\u00ae<\/sup> S.r.l. potr\u00e0 trasmettere le informazioni ricevute dal Web, compresi i dati personali, a terzi allo scopo di facilitare la distribuzione di programmi, prodotti, informazioni e servizi. I provider di servizi rappresentano un mezzo importante con il quale Spring Firm S.r.l. gestisce il proprio sito Web e le mailing list. Spring Firm S.r.l. s&#8217;impegna a garantire che tali provider di servizi siano obbligati a tutelare i dati personali degli utenti per suo conto.<br \/>\nSpring Firm<sup>\u00ae<\/sup> S.r.l. non trasmetter\u00e0 dati personali senza il consenso degli interessati a terzi che non siano vincolati ad agire per suo conto, a meno che tale trasferimento non sia richiesto a norma di legge. Analogamente, la politica di Spring Firm<sup>\u00ae<\/sup> S.r.l. vieta la vendita di dati personali ricevuti in modalit\u00e0 online senza il consenso degli interessati.<\/p>\n<p><strong>[ Privacy dei minori<a name=\"minori\"><\/a> ]<\/strong><\/p>\n<p>Il sito Spring Firm<sup>\u00ae<\/sup> S.r.l..it non \u00e8 strutturato in modo da attrarre utenti minorenni. Spring Firm<sup>\u00ae<\/sup> S.r.l. non accetter\u00e0 pertanto l&#8217;immissione di dati personali da parte di chi, a sua conoscenza, abbia un&#8217;et\u00e0 inferiore ai 18 anni.<\/p>\n<p><strong>[ Impegno della societ\u00e0<a name=\"societa\"><\/a> ]<\/strong><\/p>\n<p>Spring Firm<sup>\u00ae<\/sup> S.r.l. s&#8217;impegna a tutelare la &#8220;privacy&#8221; degli utenti ed \u00e8 attivamente impegnata nella promozione e nel supporto delle attuali iniziative di settore volte a salvaguardare il diritto alla riservatezza su Internet. La protezione della &#8220;privacy online&#8221; \u00e8 un&#8217;area in costante mutamento e i siti Web di Spring Firm<sup>\u00ae<\/sup> S.r.l. si stanno evolvendo per soddisfare queste nuove esigenze.<br \/>\nPer eventuali commenti o quesito relativi alla politica aziendale di tutela della &#8220;privacy&#8221;, gli utenti possono inviare un messaggio e-mail all&#8217;indirizzo <a href=\"mailto:info@springfirm.it\">info@springfirm.it.<\/a> PUR NON POTENDO GARANTIRE LA MASSIMA SICUREZZA NELLA TUTELA DELLA PRIVACY, Spring Firm<sup>\u00ae<\/sup> S.r.l. si impegna ad evadere ogni richiesta NEL PI\u00d9 BREVE TEMPO POSSIBILE.<\/p>\n<p><strong>[ Consenso degli interessati <a name=\"consenso\"><\/a>]<\/strong><\/p>\n<p>Con l&#8217;utilizzo di questo sito Web viene dato il proprio consenso ai termini della politica aziendale di tutela della &#8220;privacy online&#8221; e al trattamento dei dati personali da parte di Spring Firm<sup>\u00ae<\/sup> S.r.l. per i fini sopra indicati e per i motivi spiegati al momento della richiesta di tali informazioni. In caso di modifiche alla politica di tutela della &#8220;privacy online&#8221;, Spring Firm<sup>\u00ae<\/sup> S.r.l. adotter\u00e0 le misure necessarie per garantire che gli utenti siano informati di tali cambiamenti, pubblicandoli su questo sito Web per un ragionevole periodo di tempo.<\/p>\n<p><strong>[ &#8220;Privacy Online <a name=\"online\"><\/a>]<\/strong><\/p>\n<p>La &#8220;privacy online&#8221; \u00e8 un&#8217;area in continua evoluzione e Spring Firm<sup>\u00ae<\/sup> S.r.l. si impegna al massimo per garantire che le relative procedure e gli standard siano costantemente aggiornati e operativi. Per rispondere alle esigenze degli utenti, ogni pagina del nostro sito Web contiene un collegamento alla sezione sulla &#8220;privacy&#8221;; per qualsiasi chiarimento, potete contattarci via e-mail all&#8217;indirizzo <a href=\"mailto:info@springfirm.it\">info@springfirm.it<\/a><\/p>\n","protected":false},"excerpt":{"rendered":"<p>La Spring Firm\u00ae S.r.l. si impegna a rispettare la &#8220;privacy online&#8221; degli utenti e riconosce la necessit\u00e0 di tutelare e gestire in modo adeguato tutte le informazioni di identificazione personale (&#8220;Dati personali&#8221;) condivise tra Spring Firm\u00ae S.r.l. e gli utenti. La presente politica di tutela della &#8220;privacy online&#8221; dimostra la cura e l&#8217;attenzione con cui &#8230; <a title=\"Privacy\" class=\"read-more\" href=\"https:\/\/www.springfirm.it\/?page_id=28\" aria-label=\"More on Privacy\">Read more&#8230;<\/a><\/p>\n","protected":false},"author":1,"featured_media":0,"parent":0,"menu_order":5,"comment_status":"closed","ping_status":"closed","template":"","meta":{"generate_page_header":""},"_links":{"self":[{"href":"https:\/\/www.springfirm.it\/index.php?rest_route=\/wp\/v2\/pages\/28"}],"collection":[{"href":"https:\/\/www.springfirm.it\/index.php?rest_route=\/wp\/v2\/pages"}],"about":[{"href":"https:\/\/www.springfirm.it\/index.php?rest_route=\/wp\/v2\/types\/page"}],"author":[{"embeddable":true,"href":"https:\/\/www.springfirm.it\/index.php?rest_route=\/wp\/v2\/users\/1"}],"replies":[{"embeddable":true,"href":"https:\/\/www.springfirm.it\/index.php?rest_route=%2Fwp%2Fv2%2Fcomments&post=28"}],"version-history":[{"count":2,"href":"https:\/\/www.springfirm.it\/index.php?rest_route=\/wp\/v2\/pages\/28\/revisions"}],"predecessor-version":[{"id":175,"href":"https:\/\/www.springfirm.it\/index.php?rest_route=\/wp\/v2\/pages\/28\/revisions\/175"}],"wp:attachment":[{"href":"https:\/\/www.springfirm.it\/index.php?rest_route=%2Fwp%2Fv2%2Fmedia&parent=28"}],"curies":[{"name":"wp","href":"https:\/\/api.w.org\/{rel}","templated":true}]}}