{"id":2,"date":"2014-10-15T11:56:59","date_gmt":"2014-10-15T09:56:59","guid":{"rendered":"http:\/\/192.168.23.25\/?page_id=2"},"modified":"2014-11-17T16:04:00","modified_gmt":"2014-11-17T15:04:00","slug":"azienda","status":"publish","type":"page","link":"https:\/\/www.springfirm.it\/?page_id=2","title":{"rendered":"L&#8217;Azienda"},"content":{"rendered":"<p><strong>[ La strategia ]<\/strong><\/p>\n<p>Gli elementi sui quali la Spring Firm<sup>\u00ae<\/sup> S.r.l. basa la propria strategia competitiva sono:<br \/>\n<strong>la competenza<br \/>\nla creativit\u00e0<br \/>\nl&#8217;affidabilit\u00e0<br \/>\nla seriet\u00e0<br \/>\n<\/strong>Le qualit\u00e0 principali dell&#8217;azienda sono quindi rappresentate dalle sue persone, dalla loro professionalit\u00e0 ma anche dai loro valori umani.<br \/>\nSeguendo un approccio pragmatico ed attento alle concrete esigenze di chi lavora, la Spring Firm<sup>\u00ae<\/sup> S.r.l. propone soluzioni calibrate sulle effettive necessit\u00e0 del Cliente, frutto di un&#8217;analisi puntuale ma anche di un corretto bilanciamento fra costo delle tecnologie impiegate e benefici prodotti.<br \/>\nUna strategia semplice ed essenziale, applicata in tutte le attivit\u00e0 aziendali dalla consulenza al lavoro commerciale alla stessa gestione dei rapporti con clienti e fornitori dove seriet\u00e0 ed affidabilit\u00e0 hanno permesso, nel tempo, di creare un&#8217;immagine di azienda sana e coerente di cui la Spring Firm<sup>\u00ae<\/sup> S.r.l. va orgogliosa.<\/p>\n<p><strong>[ Le partnership<a name=\"partner\"><\/a> ]<\/strong><\/p>\n<p>La strategia della Spring Firm<sup>\u00ae<\/sup> S.r.l. prevede la definizione di poche ma solide e durature &#8220;partnership&#8221;.<br \/>\nI &#8220;partner&#8221; privilegiati sono rappresentati da aziende innovative che propongono prodotti e servizi basati su tecnologie evolute ma affidabili ed aderenti agli standard.<br \/>\nLe principali aziende con le quali la Spring Firm<sup>\u00ae<\/sup> S.r.l. attualmente collabora sono:<\/p>\n<p><strong><a href=\"https:\/\/www.emaze.net\/\">E*Maze Networks S.p.A.<\/a><\/strong><\/p>\n<p><strong><a href=\"http:\/\/www.oracle.com\/it\/index.html\">Oracle<sup>\u00ae<\/sup> S.p.A.<\/a><\/strong><\/p>\n<p><strong><a href=\"http:\/\/www.tcoproject.com\/index.htm\"><span class=\"xr_tl xr_s33\"><span class=\"xr_s31\">TCOGROUP S.R.L.<\/span><\/span><br \/>\n<\/a><\/strong><\/p>\n<p>&nbsp;<\/p>\n<p><strong>[ La storia<a name=\"storia\"><\/a>]<\/strong><\/p>\n<p>La <strong>Spring Firm<sup>\u00ae<\/sup> S.r.l.<\/strong> \u00e8 stata fondata nel 1994 da Sergio Faustoferri ed Alessandro Prandi de Ulmhort.<br \/>\nL&#8217;azienda nasce essenzialmente come societ\u00e0 di consulenza nel campo dell&#8217;informatica e della telematica ed inizialmente si dedica soprattutto ad attivit\u00e0 legate alle precedenti esperienze professionali dei soci e dei pi\u00f9 stretti collaboratori.<br \/>\nOltre, quindi, ad offrire servizi di consulenza per la progettazione di sistemi informatici, l&#8217;azienda si occupa di sviluppo software, di progettazione di reti di comunicazione dati e di formazione e riqualificazione professionale.<br \/>\nVengono realizzati, in quel periodo, un software integrato per Associazioni degli Industriali collegate al circuito di Confindustria ed un applicativo per la gestione delle attivit\u00e0 legate alla riparazione di carri ferroviari per aziende operanti per conto delle FFSS. Si collabora, inoltre, alla realizzazione di un importante intervento di formazione a favore di una delle pi\u00f9 grandi aziende operanti nel Friuli Venezia Giulia.<br \/>\nViene presto attivato un canale commerciale rivolto esclusivamente alle Universit\u00e0 ed ai Centri di ricerca presenti in regione. L&#8217;idea strategica seguita \u00e8 quella di promuovere l&#8217;attivit\u00e0 di vendita facendo leva sul valore aggiunto rappresentato dalle competenze tecniche disponibili in azienda. Grande attenzione viene quindi prestata alle tecnologie proposte, selezionate fra le pi\u00f9 moderne ed affidabili, ed alle idee progettuali che fanno spesso da base per le stesse attivit\u00e0 commerciali. Uno dei primi marchi trattati \u00e8 <a href=\"http:\/\/www.sgi.it\"><strong>Silicon Graphics<\/strong><\/a>.<br \/>\nL&#8217;allargamento e la diversificazione dell&#8217;offerta aziendale viene sviluppata lungo due direttrici principali:<br \/>\n&#8211; la promozione, fra le aziende, dell&#8217;utilizzo di servizi terzializzati di gestione dei propri sistemi informatici;<br \/>\n&#8211; lo sviluppo di sistemi elettronici di telecontrollo.<br \/>\nL&#8217;affidamento a terzi della gestione dei servizi informatici, \u00e8, in questo periodo e soprattutto nella zona di Trieste, inusuale. L&#8217;idea e la credibilit\u00e0 delle persone che la propongono suscita ben presto l&#8217;attenzione di diverse importanti aziende ed enti.<br \/>\n<strong>L&#8217;International Centre for Genetic Engineering and Biotechnology (<a href=\"http:\/\/www.icgeb.trieste.it\">ICGEB<\/a>)\u00a0<\/strong>e la <a href=\"http:\/\/www.tal-oil.com\"><strong>SIOT S.p.A<\/strong><\/a>.\u00a0\u00a0sono tra le prime ad accogliere questo tipo di proposta e la Spring Firm<sup>\u00ae<\/sup> S.r.l. inizia a fornire a queste realt\u00e0 triestine pacchetti integrati di consulenza volti a coprire, in pratica, tutte le esigenze di carattere informatico sentite in azienda e quindi ad erogare un servizio &#8220;chiavi in mano&#8221;.<br \/>\nIl settore del telecontrollo viene percepito dalla Spring Firm<sup>\u00ae<\/sup> S.r.l. come uno di quelli con pi\u00f9 alte potenzialit\u00e0 di crescita e particolarmente congeniale alle proprie competenze ed al proprio approccio multidisciplinare. In collaborazione con la <strong>Molisana Apparecchiature Elettroniche (<a href=\"http:\/\/www.mae-srl.it\/\">MAE<\/a>)<\/strong>,\u00a0un&#8217;azienda specializzata nelle progettazione e realizzazione di sistemi elettronici, vengono sviluppate numerose idee e progetti che prevedono l&#8217;applicazione di queste tecnologie sia in ambito civile che industriale.<br \/>\nPartendo da un capitale sociale di Lire 30.000.000, ed utilizzando esclusivamente l&#8217;autofinanziamento per alimentare i propri investimenti, la Spring<sup>\u00ae<\/sup> Firm S.r.l. cresce progressivamente e si fa conoscere in ambito regionale prima di proporsi su mercati pi\u00f9 vasti. Iniziano cos\u00ec collaborazioni e progetti con la Comunit\u00e0 Europea e con diversi organismi internazionali del sistema Nazioni Unite.<br \/>\nL&#8217;acquisizione di una gara internazionale, indetta dall&#8217; <strong>United Nations Industrial Development Organisation (<a href=\"http:\/\/www.unido.org\">UNIDO<\/a>)\u00a0<\/strong>di Vienna\u00a0per conto del <a href=\"http:\/\/pws.ctbto.org\/\"><strong>CTBTO<\/strong><\/a> anch&#8217;esso di Vienna, permettono all&#8217;azienda di dimostrare sul campo le proprie capacit\u00e0 nell&#8217;affrontare e gestire progetti complessi e di grossa portata.<br \/>\nIl CTBTO \u00e8 l&#8217;organismo che si occupa dell&#8217;implementazione del trattato internazionale per la messa al bando degli armamenti nucleari e la gara riguarda la fornitura delle apparecchiature che vanno a costituire il cuore del suo sistema informatico di acquisizione ed analisi dei dati provenienti da centinaia di stazioni di rilevamento installate in tutto il mondo.<br \/>\nLe tecnologie fornite sono della <strong>Sun<sup>\u00ae<\/sup> Microsystems\u00a0<\/strong>e cos\u00ec questo progetto assume una valenza ancor pi\u00f9 importante perch\u00e8 permette alla Spring Firm<sup>\u00ae<\/sup> S.r.l. di consolidare ulteriormente i propri rapporti di collaborazione con la <strong>Sun<sup>\u00ae<\/sup> Microsystems Italia S.p.A.<\/strong>.<br \/>\nLa &#8220;partnership&#8221; tra le aziende, che riguarda principalmente ed ancora una volta il settore Education, viene sugellata nel 1999 con l&#8217;attribuzione alla Spring Firm<sup>\u00ae<\/sup> S.r.l. del &#8220;Best Edu Project Award&#8221; per la realizzazione, fra l&#8217;altro, di un ulteriore progetto riguardante l&#8217;espansione del sistema informatico del CTBTO sempre con tecnologie Sun<sup>\u00ae<\/sup> Microsystems.<br \/>\nTra la fine del 1999 e la met\u00e0 del 2000 l&#8217;azienda opera i cambiamenti societari ed organizzativi che la portano alla sua configurazione attuale.<br \/>\nViene aumentato il capitale sociale a Lire 100.000.000, esce dalla compagine societaria Alessandro Prandi de Ulmhort e Sergio Faustoferri diventa l&#8217;Amministratore Unico.<br \/>\nVengono infoltite le fila dell&#8217;organico aziendale, viene ampliata ed ammodernata la sede e le sue infrastrutture tecniche ed informatiche.<br \/>\nAncora pi\u00f9 importanza viene riservata alla preparazione ed all&#8217;aggiornamento del personale, attivit\u00e0 che si concretizzano nell&#8217;ottenimento dell&#8217;accredito a Livello &#8220;Enterprise&#8221; nell&#8217;ambito del programma &#8220;Competency&#8221; attuato da Sun<sup>\u00ae<\/sup> Microsystems Inc. per la certificazione tecnico\/commerciale delle proprie aziende partner e di quello di <strong>&#8220;<a href=\"http:\/\/www.oracle.com\/us\/sun\/index.htm\">Oracle Partner<\/a>&#8220;<\/strong>.<br \/>\nSi sviluppano collaborazioni con altre aziende che conducono alla &#8220;partnership&#8221; con <strong>Tarantella<sup>\u00ae<\/sup> International, Inc<\/strong>.,<a href=\"https:\/\/www.emaze.net\/\"><strong> E*Maze Communications S.p.A.<\/strong><\/a> , nel settore della sicurezza e <a href=\"http:\/\/www.ial.fvg.it\"><strong>IAL Friuli Venezia Giulia<\/strong><\/a> per la progettazione e realizzazione di corsi di formazione.<br \/>\nSi espande e si consolida ulteriormente la &#8220;partnership&#8221; con Sun<sup>\u00ae<\/sup>Microsystems Italia S.p.A. attraverso attivit\u00e0 di promozione e vendita rivolte anche, e sempre di pi\u00f9, ai mercati &#8220;Business&#8221; e &#8220;Finance&#8221; oltre che a quello &#8220;Education&#8221; e l&#8217;acquisizione, in questo ambito, di importanti referenze.<br \/>\nPer rispondere alle maggiori esigenze di spazi, di servizi e di infrastrutture, nel 2004 la Spring Firm<sup>\u00ae<\/sup> S.r.l. ha acquistato, sempre a Trieste, una nuova sede sociale.<\/p>\n","protected":false},"excerpt":{"rendered":"<p>[ La strategia ] Gli elementi sui quali la Spring Firm\u00ae S.r.l. basa la propria strategia competitiva sono: la competenza la creativit\u00e0 l&#8217;affidabilit\u00e0 la seriet\u00e0 Le qualit\u00e0 principali dell&#8217;azienda sono quindi rappresentate dalle sue persone, dalla loro professionalit\u00e0 ma anche dai loro valori umani. Seguendo un approccio pragmatico ed attento alle concrete esigenze di chi &#8230; <a title=\"L&#8217;Azienda\" class=\"read-more\" href=\"https:\/\/www.springfirm.it\/?page_id=2\" aria-label=\"More on L&#8217;Azienda\">Read more&#8230;<\/a><\/p>\n","protected":false},"author":1,"featured_media":0,"parent":0,"menu_order":2,"comment_status":"closed","ping_status":"closed","template":"page-templates\/full-width.php","meta":{"generate_page_header":""},"_links":{"self":[{"href":"https:\/\/www.springfirm.it\/index.php?rest_route=\/wp\/v2\/pages\/2"}],"collection":[{"href":"https:\/\/www.springfirm.it\/index.php?rest_route=\/wp\/v2\/pages"}],"about":[{"href":"https:\/\/www.springfirm.it\/index.php?rest_route=\/wp\/v2\/types\/page"}],"author":[{"embeddable":true,"href":"https:\/\/www.springfirm.it\/index.php?rest_route=\/wp\/v2\/users\/1"}],"replies":[{"embeddable":true,"href":"https:\/\/www.springfirm.it\/index.php?rest_route=%2Fwp%2Fv2%2Fcomments&post=2"}],"version-history":[{"count":3,"href":"https:\/\/www.springfirm.it\/index.php?rest_route=\/wp\/v2\/pages\/2\/revisions"}],"predecessor-version":[{"id":4,"href":"https:\/\/www.springfirm.it\/index.php?rest_route=\/wp\/v2\/pages\/2\/revisions\/4"}],"wp:attachment":[{"href":"https:\/\/www.springfirm.it\/index.php?rest_route=%2Fwp%2Fv2%2Fmedia&parent=2"}],"curies":[{"name":"wp","href":"https:\/\/api.w.org\/{rel}","templated":true}]}}